{"id":4,"date":"2013-08-30T08:59:06","date_gmt":"2013-08-30T08:59:06","guid":{"rendered":"http:\/\/lag-sredisnjaistra.hr\/?page_id=4"},"modified":"2024-07-12T12:39:59","modified_gmt":"2024-07-12T10:39:59","slug":"sto-je-lag","status":"publish","type":"page","link":"https:\/\/lag-sredisnjaistra.hr\/en\/sto-je-lag\/","title":{"rendered":"LAG Central Istria"},"content":{"rendered":"<p><\/p>\n<h3>LAG \u201eCentral Istria\u201c<\/h3>\n<p>Local action group for Central Istria, LAG \u201cCentral Istria\u201d is a non-profit organization founded by 1) local self-government units: City of Pazin, Municipalities: Cerovlje, Gra\u010di\u0161\u0107e, Karojba, Lupoglav, Motovun, Tinjan and Sveti Petar u \u0160umi; 2) representatives of private sector and 3) representatives of civic sector in the central Istria area. Apart from 8 self-government units mentioned above, as of May 2015, LAG \u201cCentral Istria\u201d incorporates also the City of Pore\u010d as well as Municipalities of Funtana, Sveti Lovre\u010d, Vi\u0161njan, Vrsar and \u017dminj. Total area covered is 872,06 km2, and according to 2011 Census it has 44.386 inhabitants.<\/p>\n<p>LAG \u201cCentral Istria\u201d was established with the goal of creating a quality basis upon which everyone can create together, and with joint forces work on the development and progress, i.e. creation of better living conditions for all inhabitants of this area..<\/p>\n<h3>LAG Development<\/h3>\n<p>Representatives of the City and the Municipalities in central Istria have, on August 24, 2010, signed an Agreement on the procedure and measures for establishment of local action group for rural area of central Istria, in compliance with the Strategic programme for rural development in Istrian County 2008-2013, and with IPARD programme 2007-2013 for Croatia.<\/p>\n<p>LAG \u201cCentral Istria\u201d was entered into Registry of Non-government organisations Croatia on May 4, 2012, and on July 5, 2013, it signed a Contract on delivery of funds from IPARD Programme for co-financing of LAG with the Agency for payments in agriculture, fisheries and rural development (APPRRR). LAG \u201cCentral Istria\u201d was approved for maximum amount of support, 900.000,00 HRK for financing expenses within the implementation of Measure 202 \u201cPreparation and implementation of local strategies for rural development\u201d<\/p>\n<p>At the Assembly of LAG Central Istria, held on April 22, 2015, a decision on territorial expansion of area of activity for LAG. According to the decision, along with existing 8 self-governance units, the organisation now includes City of Pore\u010d and Municipalities of Funtana, Sveti Lovre\u010d, Vi\u0161njan, Vrsar and \u017dminj.<\/p>\n<p>In June 2015, LAG \u201cCentral Istria\u201d applied on a call for proposals from the Rural Development Programme, Measure 19.1 the aim of which is the preparation of Local development strategy for new programme period 2014-2020.<\/p>\n<p>In September 2015, LAG received the decision from Agency for payments in agriculture, fisheries and rural development to grant funds to LAG \u201cCentral Istria\u201d within the Measure 19.1 to prepare the new Local development strategy. Total amount of funds allocated for LAG \u201cCentral Istria\u201d is 371.503,30 HRK<\/p>\n<h3>Why LAG<\/h3>\n<p>The work of LAG \u201cCentral Istria\u201d is aimed at recognizing and improving existing potentials and special features of the LAG area, in order to use joint activities to develop projects based on specific local needs, and to define development strategy for the entire area.<\/p>\n<p>LAG \u201cCentral Istria\u201d encourages the development of rural area through application of LEADER approach (bottom-up approach). It provides the inhabitants with information about calls for proposals for financial funding from national and EU funds and advises them on applying the projects. It also functions as a sort of intermediary between the end beneficiary \u2013 small entrepreneur, farmer, cooperative, organisation, local self-government and the EU funds. Through interconnection and cooperation, it promotes the realisation of joint development goals and improvement of the quality of life and work for all inhabitants in the LAG \u201cCentral Istria\u201d area.<\/p>\n<h3>Members<\/h3>\n<p>Members of LAG can be: local self-government units, scientific and expert institutions, cooperatives, organisations and federations of organisations, companies, crafts, family agricultural holdings and natural persons. <\/p>","protected":false},"excerpt":{"rendered":"<p>LAG \u201eCentral Istria\u201c Local action group for Central Istria, LAG \u201cCentral Istria\u201d is a non-profit organization founded by 1) local self-government units: City of Pazin, Municipalities: Cerovlje, Gra\u010di\u0161\u0107e, Karojba, Lupoglav, Motovun, Tinjan and Sveti Petar u \u0160umi; 2) representatives of private sector and 3) representatives of civic sector in the central Istria area. Apart from [&hellip;]<\/p>\n","protected":false},"author":1,"featured_media":0,"parent":0,"menu_order":10,"comment_status":"open","ping_status":"open","template":"template_podstranica.php","meta":{"_acf_changed":false,"footnotes":""},"acf":[],"_links":{"self":[{"href":"https:\/\/lag-sredisnjaistra.hr\/en\/wp-json\/wp\/v2\/pages\/4"}],"collection":[{"href":"https:\/\/lag-sredisnjaistra.hr\/en\/wp-json\/wp\/v2\/pages"}],"about":[{"href":"https:\/\/lag-sredisnjaistra.hr\/en\/wp-json\/wp\/v2\/types\/page"}],"author":[{"embeddable":true,"href":"https:\/\/lag-sredisnjaistra.hr\/en\/wp-json\/wp\/v2\/users\/1"}],"replies":[{"embeddable":true,"href":"https:\/\/lag-sredisnjaistra.hr\/en\/wp-json\/wp\/v2\/comments?post=4"}],"version-history":[{"count":22,"href":"https:\/\/lag-sredisnjaistra.hr\/en\/wp-json\/wp\/v2\/pages\/4\/revisions"}],"predecessor-version":[{"id":4534,"href":"https:\/\/lag-sredisnjaistra.hr\/en\/wp-json\/wp\/v2\/pages\/4\/revisions\/4534"}],"wp:attachment":[{"href":"https:\/\/lag-sredisnjaistra.hr\/en\/wp-json\/wp\/v2\/media?parent=4"}],"curies":[{"name":"wp","href":"https:\/\/api.w.org\/{rel}","templated":true}]}}