{"id":3278,"date":"2019-04-12T11:23:53","date_gmt":"2019-04-12T09:23:53","guid":{"rendered":"http:\/\/lag-sredisnjaistra.hr\/?page_id=3278"},"modified":"2024-04-29T09:50:09","modified_gmt":"2024-04-29T07:50:09","slug":"ulaganja-u-pokretanje-poboljsanje-ili-prosirenje-lokalnih-temeljnih-usluga-za-ruralno-stanovnistvo-ukljucujuci-slobodno-vrijeme-i-kulturne-aktivnosti-te-povezanu-infrastrukturu-mjera-2-1-1","status":"publish","type":"page","link":"https:\/\/lag-sredisnjaistra.hr\/en\/lag-natjecaji\/provedeni-natjecaji\/programsko-razdoblje-2014-2020\/ulaganja-u-pokretanje-poboljsanje-ili-prosirenje-lokalnih-temeljnih-usluga-za-ruralno-stanovnistvo-ukljucujuci-slobodno-vrijeme-i-kulturne-aktivnosti-te-povezanu-infrastrukturu-mjera-2-1-1\/","title":{"rendered":"(Hrvatski) Ulaganja u pokretanje, pobolj\u0161anje ili pro\u0161irenje lokalnih temeljnih usluga za ruralno stanovni\u0161tvo, uklju\u010duju\u0107i slobodno vrijeme i kulturne aktivnosti te povezanu infrastrukturu (mjera 2.1.1.) &#8211; 1.3.2019."},"content":{"rendered":"<p class=\"qtranxs-available-languages-message qtranxs-available-languages-message-en\">Sorry, this entry is only available in <a href=\"https:\/\/lag-sredisnjaistra.hr\/hr\/wp-json\/wp\/v2\/pages\/3278\" class=\"qtranxs-available-language-link qtranxs-available-language-link-hr\" title=\"Hrvatski\">Hrvatski<\/a>.<\/p>","protected":false},"excerpt":{"rendered":"<p>Sorry, this entry is only available in Hrvatski.<\/p>\n","protected":false},"author":2,"featured_media":0,"parent":4481,"menu_order":0,"comment_status":"closed","ping_status":"closed","template":"template_natjecaj.php","meta":{"_acf_changed":false,"footnotes":""},"acf":[],"_links":{"self":[{"href":"https:\/\/lag-sredisnjaistra.hr\/en\/wp-json\/wp\/v2\/pages\/3278"}],"collection":[{"href":"https:\/\/lag-sredisnjaistra.hr\/en\/wp-json\/wp\/v2\/pages"}],"about":[{"href":"https:\/\/lag-sredisnjaistra.hr\/en\/wp-json\/wp\/v2\/types\/page"}],"author":[{"embeddable":true,"href":"https:\/\/lag-sredisnjaistra.hr\/en\/wp-json\/wp\/v2\/users\/2"}],"replies":[{"embeddable":true,"href":"https:\/\/lag-sredisnjaistra.hr\/en\/wp-json\/wp\/v2\/comments?post=3278"}],"version-history":[{"count":12,"href":"https:\/\/lag-sredisnjaistra.hr\/en\/wp-json\/wp\/v2\/pages\/3278\/revisions"}],"predecessor-version":[{"id":4396,"href":"https:\/\/lag-sredisnjaistra.hr\/en\/wp-json\/wp\/v2\/pages\/3278\/revisions\/4396"}],"up":[{"embeddable":true,"href":"https:\/\/lag-sredisnjaistra.hr\/en\/wp-json\/wp\/v2\/pages\/4481"}],"wp:attachment":[{"href":"https:\/\/lag-sredisnjaistra.hr\/en\/wp-json\/wp\/v2\/media?parent=3278"}],"curies":[{"name":"wp","href":"https:\/\/api.w.org\/{rel}","templated":true}]}}