{"id":126,"date":"2013-09-12T13:08:43","date_gmt":"2013-09-12T13:08:43","guid":{"rendered":"http:\/\/lag-sredisnjaistra.hr\/?page_id=126"},"modified":"2016-05-11T11:58:08","modified_gmt":"2016-05-11T09:58:08","slug":"opcina-lupoglav","status":"publish","type":"page","link":"https:\/\/lag-sredisnjaistra.hr\/en\/podrucje-lag-a\/opcina-lupoglav\/","title":{"rendered":"Municipality of Lupoglav"},"content":{"rendered":"<p><a href=\"http:\/\/lag-sredisnjaistra.hr\/wp-content\/uploads\/2013\/09\/lupoglav_grb.gif\"><img loading=\"lazy\" decoding=\"async\" class=\"  wp-image-1195 alignleft\" src=\"http:\/\/lag-sredisnjaistra.hr\/wp-content\/uploads\/2013\/09\/lupoglav_grb.gif\" alt=\"lupoglav_grb\" width=\"108\" height=\"138\" \/><\/a><\/p>\n<p>Municipality of Lupoglav is situated in the north-east part of the Istrian County and borders with Municipalities Lani\u0161\u0107e, Cerovlje and the City of Buzet in Istria, and with Primorje-Gorski kotar County in the east.<\/p>\n<h3>924 inhabitants, 94 km\u00b2<\/h3>\n<p>Municipality of Lupoglav covers 94 km2, and according to 2011 Census, it has 924 inhabitants.<\/p>\n<p><iframe loading=\"lazy\" src=\"https:\/\/www.google.com\/maps\/ms?msa=0&amp;msid=218282544747356232523.0004e63ea53a0b51f7498&amp;ie=UTF8&amp;t=m&amp;ll=45.314978,14.144211&amp;spn=0.193142,0.411301&amp;z=11&amp;output=embed\" width=\"600\" height=\"400\" frameborder=\"0\" marginwidth=\"0\" marginheight=\"0\" scrolling=\"no\"><\/iframe><\/p>\n<h3>White and grey Istria<\/h3>\n<p>The Municipality stretches all the way to the slopes of U\u010dka Mountain and \u0106i\u0107arija, and to Boljunsko Polje in the south. In this area, two out of three geomorphological areas of the County meet: \u201cWhite Istria\u201d (the U\u010dka-\u0106i\u0107arija massif) and \u201cGrey Istria\u201d (mostly flysch area). The settlements in this area show significant differences in morphological and typological sense.<\/p>\n<p><img loading=\"lazy\" decoding=\"async\" class=\"size-medium wp-image-207 alignleft\" src=\"http:\/\/lag-sredisnjaistra.hr\/wp-content\/uploads\/2013\/09\/1000908_494287900643730_1050071590_n_facebook-300x222.jpg\" alt=\"1000908_494287900643730_1050071590_n_facebook\" width=\"300\" height=\"222\" srcset=\"https:\/\/lag-sredisnjaistra.hr\/wp-content\/uploads\/2013\/09\/1000908_494287900643730_1050071590_n_facebook-300x222.jpg 300w, https:\/\/lag-sredisnjaistra.hr\/wp-content\/uploads\/2013\/09\/1000908_494287900643730_1050071590_n_facebook.jpg 960w\" sizes=\"(max-width: 300px) 100vw, 300px\" \/>The settlements in \u201cWhite Istria\u201d are concentrated, with irregular layouts where often several residential and farming houses surround a communal yard, thus forming a relatively safe closed set of buildings.<\/p>\n<p>The settlements in \u201cGrey Istria\u201d are typically of a limited form, well adapted to the terrain, with a vista and silhouette that respect the standard of the environment. These are urban and rural settlements of small size, on a hill, closely set with small areas of arable land <\/p>\n<h3>The history of Lupoglav<\/h3>\n<p>The first written mention of Lupoglav is probably the one from the grant by king Henry IV in 1064, under the name of Lompaga, As Castrum the Lupoglau, it was mentioned in 1264, when the Patriarch of Aquileia gave the land to Henry of Pazin. Since then, Lupoglav has shared its destiny with the rest of the Pazin County, and was first under the rule of Counts from Gorizia and then the Habsburgs.<\/p>\n<p><img loading=\"lazy\" decoding=\"async\" class=\"alignright size-medium wp-image-208\" src=\"http:\/\/lag-sredisnjaistra.hr\/wp-content\/uploads\/2013\/09\/1000446_494243640648156_1204251646_n_face-300x235.jpg\" alt=\"1000446_494243640648156_1204251646_n_face\" width=\"300\" height=\"235\" srcset=\"https:\/\/lag-sredisnjaistra.hr\/wp-content\/uploads\/2013\/09\/1000446_494243640648156_1204251646_n_face-300x235.jpg 300w, https:\/\/lag-sredisnjaistra.hr\/wp-content\/uploads\/2013\/09\/1000446_494243640648156_1204251646_n_face.jpg 761w\" sizes=\"(max-width: 300px) 100vw, 300px\" \/>The fort in which castellans of various feudal families had their seat (Eberstein, Herberstein, Kru\u017ei\u0107, Sinkovi\u0107 and Eggenberg) was the Castle Mahrenfels about which much sparse data is preserved, and a few almost romantic episodes. After the death of Couznt Eggenberg, the new owner became Count Brigido who decided to abandon the old castle on a hardly accessible hill, and built a new country castle for the family on the plain.<\/p>\n<p>Castle Brigido was built in 1634, after the family bought the County of Lupoglav, and it belonged to the family until 1883. They successfully implemented new ways of production on their estate, especially in cattle breeding. Many Istrian farmers sent their heirs there to learn practical jobs related to farm management and agriculture.<\/p>\n<h3>Ideal for recreationists and climbers<\/h3>\n<p><img loading=\"lazy\" decoding=\"async\" class=\"alignleft size-medium wp-image-209\" src=\"http:\/\/lag-sredisnjaistra.hr\/wp-content\/uploads\/2013\/09\/54958488-300x225.jpg\" alt=\"54958488\" width=\"300\" height=\"225\" srcset=\"https:\/\/lag-sredisnjaistra.hr\/wp-content\/uploads\/2013\/09\/54958488-300x225.jpg 300w, https:\/\/lag-sredisnjaistra.hr\/wp-content\/uploads\/2013\/09\/54958488.jpg 500w\" sizes=\"(max-width: 300px) 100vw, 300px\" \/>The vicinity of the Nature Park U\u010dka makes Lupoglav an unavoidable starting point for walking and climbing, and it also presents and alpine challenge to many freestyle climbers and recreationists in the locality with unique geomorphological phenomena in Croatia.<\/p>\n<p>Environmental preservation of the protected landscape of all settlements in Municipality of Lupoglav: Boljun,  Boljunsko Polje, Brest pod U\u010dkom, Dolenja Vas, Lesi\u0161\u0107ina, Semi\u0107 and Vranja and their stunning views of limestone towers certainly stay deeply engraved in memory and time and again demand admiration for the greatest architect of all time \u2013 nature. <\/p>\n<p><a href=\"http:\/\/www.lupoglav.hr\/\">http:\/\/www.lupoglav.hr\/<\/a><\/p>","protected":false},"excerpt":{"rendered":"<p>Municipality of Lupoglav is situated in the north-east part of the Istrian County and borders with Municipalities Lani\u0161\u0107e, Cerovlje and the City of Buzet in Istria, and with Primorje-Gorski kotar County in the east. 924 inhabitants, 94 km\u00b2 Municipality of Lupoglav covers 94 km2, and according to 2011 Census, it has 924 inhabitants. White and [&hellip;]<\/p>\n","protected":false},"author":1,"featured_media":0,"parent":118,"menu_order":0,"comment_status":"open","ping_status":"closed","template":"template_podstranica.php","meta":{"_acf_changed":false,"footnotes":""},"acf":[],"_links":{"self":[{"href":"https:\/\/lag-sredisnjaistra.hr\/en\/wp-json\/wp\/v2\/pages\/126"}],"collection":[{"href":"https:\/\/lag-sredisnjaistra.hr\/en\/wp-json\/wp\/v2\/pages"}],"about":[{"href":"https:\/\/lag-sredisnjaistra.hr\/en\/wp-json\/wp\/v2\/types\/page"}],"author":[{"embeddable":true,"href":"https:\/\/lag-sredisnjaistra.hr\/en\/wp-json\/wp\/v2\/users\/1"}],"replies":[{"embeddable":true,"href":"https:\/\/lag-sredisnjaistra.hr\/en\/wp-json\/wp\/v2\/comments?post=126"}],"version-history":[{"count":12,"href":"https:\/\/lag-sredisnjaistra.hr\/en\/wp-json\/wp\/v2\/pages\/126\/revisions"}],"predecessor-version":[{"id":1824,"href":"https:\/\/lag-sredisnjaistra.hr\/en\/wp-json\/wp\/v2\/pages\/126\/revisions\/1824"}],"up":[{"embeddable":true,"href":"https:\/\/lag-sredisnjaistra.hr\/en\/wp-json\/wp\/v2\/pages\/118"}],"wp:attachment":[{"href":"https:\/\/lag-sredisnjaistra.hr\/en\/wp-json\/wp\/v2\/media?parent=126"}],"curies":[{"name":"wp","href":"https:\/\/api.w.org\/{rel}","templated":true}]}}