{"id":1110,"date":"2015-07-02T11:53:33","date_gmt":"2015-07-02T09:53:33","guid":{"rendered":"http:\/\/lag-sredisnjaistra.hr\/?page_id=1110"},"modified":"2017-11-03T13:14:52","modified_gmt":"2017-11-03T12:14:52","slug":"projekti","status":"publish","type":"page","link":"https:\/\/lag-sredisnjaistra.hr\/en\/projekti\/","title":{"rendered":"Projects"},"content":{"rendered":"<p><\/p>\n<h3>&#8220;ENSURE &#8211;\u00a0\u00a0European Network for the Cohesion and Solidarity in Rural Areas&#8221;<\/h3>\n<p><img loading=\"lazy\" decoding=\"async\" class=\"alignnone wp-image-2455\" src=\"http:\/\/lag-sredisnjaistra.hr\/wp-content\/uploads\/2017\/11\/22089392_2055627961356335_6606153121512468465_n.png\" alt=\"\" width=\"207\" height=\"207\" srcset=\"https:\/\/lag-sredisnjaistra.hr\/wp-content\/uploads\/2017\/11\/22089392_2055627961356335_6606153121512468465_n.png 316w, https:\/\/lag-sredisnjaistra.hr\/wp-content\/uploads\/2017\/11\/22089392_2055627961356335_6606153121512468465_n-150x150.png 150w, https:\/\/lag-sredisnjaistra.hr\/wp-content\/uploads\/2017\/11\/22089392_2055627961356335_6606153121512468465_n-200x200.png 200w\" sizes=\"(max-width: 207px) 100vw, 207px\" \/><\/p>\n<p><strong>Programme:<\/strong>\u00a0Europe for Citizens Program<\/p>\n<p><strong>Lead:<\/strong>\u00a0Development Information Center Slovenska Bistrica (Slovenia)<\/p>\n<p><strong>Partners:<\/strong>\u00a0LAG \u201cSredi\u0161nja Istra\u201d,\u00a0Municipality Trudovets (Bulgaria), Hranicka rozvojova agentura (Czech Republic), Panepistimio Thessalias (Greece), Kistarcsa Cultural Association (Hungary), Associazione Alessandro Bartola (Italy), Ligatnes novada dome \u2013 Ligatne Municipality (Latvia), Municipality of Kolasin (Montenegro), Gmina Lask (Poland), Consiliul Judetean Alba (Romania), European affairs fund of the autonomous province of Vojvodina (Serbia), Federacion de Municipios de Madrid (Spain), Futuro Digitale (Italy).<\/p>\n<p><strong>Project description:<\/strong> Establishing the European Network for the Cohesion and Solidarity in Rural Areas (ENSURE) serves to increase the relevance of local and European policy makers as actors developing initiatives that address needs of rural citizens in the context of EU policies, European citizenship and democracy tools. In a time where citizens confidence in EU decision making is at an all-time low, and especially the support from rural citizens is rapidly declining, this project aims to understand Euroscepticism, and then to build European approach by making use of available EU democracy tools, as well as by providing new engaging instruments for citizens. The project addresses day-to-day issues which are prevalent for rural citizens: heritage vs. local development, cross-broder mobility af agricultural workers, food security, social exclusion. By bringing up issues that acquire great interest amnog rural citzens, this project can hit such questions as: the decline of support of the EU, Euroscepticism, and the EU citizenship on rural areas. The long-term outcome will be a lasting partnership as a NGO &#8211; &#8220;Ensure Network&#8221;.<\/p>\n<p><strong>Value: <\/strong>150.000,00 EUR<\/p>\n<p><strong>Implementation time: <\/strong>\u00a0July 3 2017. &#8211; July 2 2019.<\/p>\n<p><strong>Facebook page:\u00a0<\/strong><a href=\"https:\/\/www.facebook.com\/ensurenetwork\/\">https:\/\/www.facebook.com\/ensurenetwork\/<\/a><\/p>\n<hr \/>\n<h3>&#8220;INSiGHTS &#8211; Integrated Slow, Green and Healthy Tourism Strategies&#8221;<\/h3>\n<p><img loading=\"lazy\" decoding=\"async\" class=\"wp-image-2177 alignnone\" src=\"http:\/\/lag-sredisnjaistra.hr\/wp-content\/uploads\/2015\/07\/page-0-1-1024x477.jpg\" alt=\"\" width=\"346\" height=\"161\" srcset=\"https:\/\/lag-sredisnjaistra.hr\/wp-content\/uploads\/2015\/07\/page-0-1-1024x477.jpg 1024w, https:\/\/lag-sredisnjaistra.hr\/wp-content\/uploads\/2015\/07\/page-0-1-300x140.jpg 300w, https:\/\/lag-sredisnjaistra.hr\/wp-content\/uploads\/2015\/07\/page-0-1-768x358.jpg 768w, https:\/\/lag-sredisnjaistra.hr\/wp-content\/uploads\/2015\/07\/page-0-1.jpg 1920w\" sizes=\"(max-width: 346px) 100vw, 346px\" \/><\/p>\n<p><img loading=\"lazy\" decoding=\"async\" class=\"alignnone wp-image-2193\" src=\"http:\/\/lag-sredisnjaistra.hr\/wp-content\/uploads\/2015\/07\/EU-funds-PNG1.png\" alt=\"\" width=\"345\" height=\"12\" srcset=\"https:\/\/lag-sredisnjaistra.hr\/wp-content\/uploads\/2015\/07\/EU-funds-PNG1.png 982w, https:\/\/lag-sredisnjaistra.hr\/wp-content\/uploads\/2015\/07\/EU-funds-PNG1-300x10.png 300w, https:\/\/lag-sredisnjaistra.hr\/wp-content\/uploads\/2015\/07\/EU-funds-PNG1-768x27.png 768w\" sizes=\"(max-width: 345px) 100vw, 345px\" \/><\/p>\n<p><strong>Programme:<\/strong>\u00a0Interreg Danube Transnational Programme<\/p>\n<p><strong>Lead:<\/strong>\u00a0Pons Danubii European Grouping of Territorial Cooperation (Slovakia)<\/p>\n<p><strong>Partners:<\/strong> LAG &#8220;Central Istria&#8221;, University of Natural Resources and Life Sciences, Vienna (Austria), Institute for Tourism (Croatia), CEEweb for Biodiversity (Hungary), Razvojni center Srca Slovenije (Slovenia), Harghita County Council (Romania), Zala County Government (Hungary),\u00a0Regional Development Agency with Business Support Centre for Small and Medium-sized Enterprises (Bulgaria), Donautal-Aktiv e.V. (Germany), Regional Economic Development Agency for \u0160umadija and Pomoravlje (Serbia), Plovdiv District Administration (Bulgaria), Istrian Region \u2013 Administrative Department for Tourism (Croatia), Kom\u00e1rom-Esztergom County (Hungary)<\/p>\n<p><strong>Project description:\u00a0<\/strong><span style=\"font-weight: 400;\">The INSiGHTS project is aimed at<\/span><b>\u00a0<\/b>finding solutions for making regions more attractive to tourists<span style=\"font-weight: 400;\"> by developing tourism strategies that keep in the focus the protection of natural and cultural resources. Regions in INSiGHTS all have outstanding natural and cultural resources, and at the same time they have a great potential related to the fast-growing recreational trend of slow, green and healthy tourism. <\/span><span style=\"font-weight: 400;\">Partners will be working in close cooperation with stakeholders in eight regions to gain relevant local feedback on the current situation of tourism and also ideas and proposals for new opportunities for slow, green and healthy tourism. There will be <\/span>eight integrated sustainable tourism strategies <span style=\"font-weight: 400;\">developed by the partner regions and they will be adaptable all across the Danube Region. The expected outcomes in partner regions will be: smart card system, new tourism packages, trail guide applications, eco-education related new tourism services encouraging environmentally friendly healthy living, slow tourism networking offering recreational programmes, cycling infrastructures, and sustainable tourism model for rural and urban areas.<\/span><\/p>\n<p><strong>Value:<\/strong>\u00a02,308,170.55 EUR<\/p>\n<p><strong>Implementation time:<\/strong>\u00a0January 1 2017 &#8211; June 30 2019<\/p>\n<p><strong>Web page:<\/strong>\u00a0<a href=\"http:\/\/www.interreg-danube.eu\/approved-projects\/insights\">www.interreg-danube.eu\/insights<br \/>\n<\/a><strong>Facebook page:<\/strong>\u00a0<a href=\"http:\/\/www.facebook.com\/InsightsDanube\">www.facebook.com\/InsightsDanube<\/a><br \/>\n<strong>Twiter page:<\/strong>\u00a0<a href=\"http:\/\/twitter.com\/INSiGHTS_Danube\">twitter.com\/INSiGHTS_Danube<\/a><\/p>\n<hr \/>\n<h3><strong>AAA LEADER-Role of Local Action Groups in Rural Development<\/strong><\/h3>\n<p><strong>Donor:<\/strong> Alpe-Adriatic Alliance, Koprivnica-Kri\u017eevci county<\/p>\n<p><strong>Lead:<\/strong>\u00a0LAG &#8220;Podravina&#8221;<\/p>\n<p><strong>Partners:<\/strong> LAG &#8220;Sredi\u0161nja Istra&#8221;, LAG &#8220;Izvor&#8221;, LAG &#8220;Prizag&#8221;, LAG &#8220;Me\u0111imurski doli i bregi&#8221;, LAG &#8220;Gorenjska ko\u0161arica &#8211; BSC Kranj regional development agency of Gorenjska, LAG &#8220;Prlekija&#8221; &#8211; Prle\u0161ka razvojna agencija, LAG &#8220;Vallis Colapis&#8221;<\/p>\n<p><strong>Project description: <\/strong>The aim of the project is based on recognition, preservation and presentation of intangible cultural heritage which could be used as a tourist attraction in rural areas, as well as to recognize and certificate agricultural products which represent the observed area.<\/p>\n<p><strong>Value:<\/strong> 11.000,00 eur<\/p>\n<p><strong>Implementation time:\u00a0<\/strong>September 2016.<\/p>\n<hr \/>\n<h3><strong>&#8220;The Application of Modern Technologies in the Advancement of Istria County Agriculture&#8221;<\/strong><\/h3>\n<p><strong>Donor:<\/strong>\u00a0Istria County, Administrative Department for Agriculture, Forestry, Hunting, Fishery and Water<\/p>\n<p><strong>Call:<\/strong>\u00a0Public call for financing projects \/ programs of associations and other non-profit organizations within the public needs in agriculture, forestry, hunting, fisheries and water resources of Istria County for 2016<\/p>\n<p><strong>Lead:<\/strong> LAG Central Istria<\/p>\n<p><strong>Partner:<\/strong> Association &#8220;Istramet&#8221;<\/p>\n<p><strong>Project description:<\/strong> The project is aimed at setting up networking and professional agri-meteorological station in the town of Pazin. The collected meteorological data will be presented in an attractive but simple interface and adapted to the general population. In addition to the basic parameters, data on soil moisture and leaf will be collected and publicly displayed, which will significantly facilitate the implementation of agro-meteorological projects in our area in the future.On the technical side it is the most modern equipment that will serve farmers throughout central Istria.The project will be the basis for further development and expansion of the network of specialized agro-meteorological stations, all in order to facilitate the implementation of crop protection, rational irrigation, and finally environmental protection.<\/p>\n<p><strong>Value:<\/strong> 15,000.00 kn<\/p>\n<p><strong>Duration:<\/strong> 2 months<\/p>\n<hr \/>\n<h3><strong>&#8220;New Knowldge for Future Profession&#8221;<\/strong><\/h3>\n<p><img loading=\"lazy\" decoding=\"async\" class=\"wp-image-1773 alignnone\" src=\"http:\/\/lag-sredisnjaistra.hr\/wp-content\/uploads\/2016\/04\/banner_nzzbz.jpg\" alt=\"banner_nzzbz\" width=\"292\" height=\"164\" srcset=\"https:\/\/lag-sredisnjaistra.hr\/wp-content\/uploads\/2016\/04\/banner_nzzbz.jpg 400w, https:\/\/lag-sredisnjaistra.hr\/wp-content\/uploads\/2016\/04\/banner_nzzbz-300x169.jpg 300w\" sizes=\"(max-width: 292px) 100vw, 292px\" \/><\/p>\n<p><strong>Fund:\u00a0<\/strong>European Social Fund<\/p>\n<p><strong>Call: <\/strong>Strenghtening the capacity of adult education institutions, Stage II<\/p>\n<p><strong>Lead:<\/strong>\u00a0Open University Pazin<\/p>\n<p><strong>Partners:<\/strong> LAG &#8220;Central Istria&#8221;, Agency for Rural Development of Istria, Iskop Ltd.<\/p>\n<p><strong>Project description:\u00a0<\/strong>The project focuses on the development of three new educational programs aimed at improving the capacity of the development of tourism in central Istria. The program are: Specialist in traditional Istrian cuisine, Butler and Gardener and maintainer of the pool\u00a0which are all specifically adapted to the needs of employers in the tourism sector and will be developed in accordance with the methodology and procedures set up by the Croatian Qualifications Framework. The project will also contribute to strengthening the capacities of the \u00a0educators and training teachers on the use of modern methods and new technologies.<\/p>\n<p><strong>Value:<\/strong> 1.318.361,22 kn<\/p>\n<p><b>Duration<\/b>: 12 months<\/p>\n<hr \/>\n<p>&nbsp;<\/p>\n<h3><strong>&#8220;Protection of Pazinski cukeran\u010di\u0107&#8221;<\/strong><\/h3>\n<p><strong>Fund:<\/strong>\u00a0Ministry of culture<\/p>\n<p><strong>Lead:\u00a0<\/strong>LAG \u201eCentral Istria\u201d<\/p>\n<p><strong>Partners:\u00a0<\/strong>City of Pazin, Association of craftsmen Pazin, local bakers: \u201eAntica\u201d, \u201eReginex\u201d<\/p>\n<p><strong>Aim:\u00a0<\/strong>protection of the recipe for \u201cPazinski cukeran\u010di\u0107\u201d as intangible cultural heritage to preserve and promote this specific traditional pastry.<\/p>\n<hr \/>\n<p>&nbsp;<\/p>\n<p><a href=\"http:\/\/lag-sredisnjaistra.hr\/wp-content\/uploads\/2015\/11\/12196240_905947016126979_1599915475907156380_n-e1448278276255.png\"><img loading=\"lazy\" decoding=\"async\" class=\"wp-image-1571 alignnone\" src=\"http:\/\/lag-sredisnjaistra.hr\/wp-content\/uploads\/2015\/11\/12196240_905947016126979_1599915475907156380_n-e1448278276255.png\" alt=\"12196240_905947016126979_1599915475907156380_n\" width=\"221\" height=\"189\" \/><\/a><\/p>\n<h3><strong>&#8220;Development of Professional Study Program of Sustainable Agrotourism through Croatian Qualifications Framework&#8221;<\/strong><\/h3>\n<p><strong>Fund:<\/strong>\u00a0European Social Fund<\/p>\n<p><strong>Call:<\/strong>\u00a0Improvement of quality in high education with the implementation of Croatian Qualifications Framework<\/p>\n<p><strong>Lead:<\/strong>\u00a0Polytechnics in Rijeka<\/p>\n<p><strong>Partners:<\/strong>\u00a0LAG \u201cCentral Istria\u201d, City of Pazin<\/p>\n<p><strong>Project description:<\/strong>\u00a0Development of new under graduate program of sustainable agrotourism, development of standards for profession and education of staff. This type of study program will have a supportive effect on development of specific forms of tourism in rural areas with an emphasis on acceptable sustainable, ecological agricultural production in compliance with local, regional and national strategies, and will thus contribute to employment which makes the core of the concept of smart, sustainable and inclusive economy based on knowledge, with an aim at reaching high employment, productivity and social connection rates.<\/p>\n<p><strong>Value:<\/strong>\u00a01.779.415,20 HRK<\/p>\n<p><strong>Duration:<\/strong>\u00a015 months<\/p>\n<hr \/>\n<p>&nbsp;<\/p>\n<h3>\u00a0<a href=\"http:\/\/lag-sredisnjaistra.hr\/wp-content\/uploads\/2015\/07\/lags4eu1.jpg\"><img loading=\"lazy\" decoding=\"async\" class=\"wp-image-1230 alignnone\" src=\"http:\/\/lag-sredisnjaistra.hr\/wp-content\/uploads\/2015\/07\/lags4eu1.jpg\" alt=\"lags4eu\" width=\"278\" height=\"117\" srcset=\"https:\/\/lag-sredisnjaistra.hr\/wp-content\/uploads\/2015\/07\/lags4eu1.jpg 972w, https:\/\/lag-sredisnjaistra.hr\/wp-content\/uploads\/2015\/07\/lags4eu1-300x127.jpg 300w\" sizes=\"(max-width: 278px) 100vw, 278px\" \/><\/a><\/h3>\n<h3><strong>&#8220;LAGs4EU&#8221;<\/strong><\/h3>\n<p><strong>Programme:<\/strong> <strong>Europe for Citizens<\/strong><\/p>\n<p><strong>Measure:<\/strong>\u00a0Network of Towns<\/p>\n<p><strong>Lead:<\/strong>\u00a0LAG \u201cCentral Istria\u201d<\/p>\n<p><strong>Partners:<\/strong>\u00a0Razvojni center Srca Slovenije (SLO), Regional Economic Development Association for Herzegovina \u2013 REDA (BIH), GAL Venezia Orientale \u2013 VEGAL (ITA), Cantiere Giovani Cooperativa Sociale ONLUS (ITA), Centrul de Incubare Creativ Inovativ de Afaceri (ROM), Asociatia GAL Tara Nasaudului (ROM), Asociatia GAL Tinutul Haiducilor (ROM), GAL Lider Bistrita Nasaud (ROM), Federatia pentru Dezvoltarea Zonei Rurale Bargau-Calimani (ROM), Unitatea Administrativ-Teritoriala Judetul Bistrita Nasaud (ROM), Orasul Seini (ROM), Agentia pentru Dezvoltare Regionala Sud-Vest Oltenia (ROM), Dambovita County Council (ROM), Lithuanian organic farms association (LIT), Rzeszowska Agencja Rozwoju Regionalnego Spolka Akcyjna (POL), MAS Hanacke Kralovstvi z.s. (SVK), MAS Zdruzenie Dolny Zitny ostrov Kli\u017eska Nema (SVK).<\/p>\n<p><strong>Project description:<\/strong>\u00a0Project is aimed at increasing civic participation in development and implementation of activities organized by LAGs: in each of the 9 partner-countries an activity will be held which will be aimed at education and exchange of examples of good practice by the representatives of LAGs and local self-government units on encouraging volunteerism and including local community into development projects at a local level. Network of towns will be formalized at the end of the project by signing of Cooperation Agreement.<\/p>\n<p><strong>Value:\u00a0<\/strong>150.000,00 EUR<\/p>\n<p><strong>Duration:<\/strong>\u00a022 months<\/p>\n<p><strong>Video report: <a href=\"https:\/\/www.youtube.com\/watch?v=iU7aZStt4nw&amp;t=42s\">LAGS4EU<\/a><\/strong><\/p>\n<p><strong>Best Practice Guidebook:<\/strong> <a href=\"http:\/\/lag-sredisnjaistra.hr\/wp-content\/uploads\/2015\/07\/LAG_good_practices_web_20062017.pdf\">LAG_good_practices_web_20062017<\/a><\/p>\n<hr \/>\n<h3><strong>\u00a0&#8220;Strengthened Organisations for a Strong Community&#8221;<\/strong><\/h3>\n<p><strong>Fund:<\/strong>\u00a0Foundation for Partnership and Civil Society Development<\/p>\n<p><strong>Call:<\/strong>\u00a0Development of society<\/p>\n<p><strong>Lead:<\/strong>\u00a0LAG \u201cCentral Istria\u201d<\/p>\n<p><strong>Partners:<\/strong>\u00a0Dru\u0161tvo \u201cNa\u0161a djeca\u201d Pazin, Youth Council of the City of Pazin<\/p>\n<p><strong>Project description:<\/strong>\u00a0Project is aimed at strengthening of the capacities of organisations from Central Istria through a series of expert educations on: Project Cycle Management, Writing Project Proposal, Presentation of examples of good practice and joint work on a specific project idea for a potential application to a relevant fund \u2013 EU.<\/p>\n<p><strong>Value:<\/strong>\u00a012.500,00 HRK<\/p>\n<p><strong>Duration:<\/strong>\u00a04 months<\/p>\n<hr \/>\n<h3><strong>&#8220;From the Heart of Istria\u2026for You&#8221;<\/strong><\/h3>\n<p><strong>Fund:<\/strong>\u00a0Foundation for Partnership and Civil Society Development: Social capital of the community<\/p>\n<p><strong>Lead:<\/strong>\u00a0LAG \u201cCentral Istria\u201d<\/p>\n<p><strong>Description:<\/strong>\u00a0Project will provide support to development of local market and of small producers and service providers from Central Istria via a cycle of educations on accounting, legal and law frameworks for businesses, marketing and product placement and marketing tricks, and via presenting examples of good practice. Organisation of a fair with local products will promote small producers and service providers from central Istria and will strengthen their links with potential customers.<\/p>\n<p><strong>Project value:<\/strong>\u00a064.900,00 HRK<\/p>\n<p><strong>Duration:<\/strong>\u00a012 months<\/p>\n<hr \/>\n<p>&nbsp;<\/p>\n<h2>Projects of our members:<\/h2>\n<h3><img loading=\"lazy\" decoding=\"async\" class=\"wp-image-1748 alignnone\" src=\"http:\/\/lag-sredisnjaistra.hr\/wp-content\/uploads\/2016\/04\/logo-4-1024x377.jpg\" alt=\"logo-4\" width=\"260\" height=\"96\" srcset=\"https:\/\/lag-sredisnjaistra.hr\/wp-content\/uploads\/2016\/04\/logo-4-1024x377.jpg 1024w, https:\/\/lag-sredisnjaistra.hr\/wp-content\/uploads\/2016\/04\/logo-4-300x110.jpg 300w, https:\/\/lag-sredisnjaistra.hr\/wp-content\/uploads\/2016\/04\/logo-4-768x283.jpg 768w, https:\/\/lag-sredisnjaistra.hr\/wp-content\/uploads\/2016\/04\/logo-4.jpg 1173w\" sizes=\"(max-width: 260px) 100vw, 260px\" \/><\/h3>\n<h3><strong>&#8220;USEGP &#8211; Improvment of the Content of Electrotechnical Group of School Subjects&#8221;<\/strong><\/h3>\n<p><strong>Fund:<\/strong> European Social Fund<\/p>\n<p><strong>Call:<\/strong>\u00a0Modernisation of School Curricula in VET Schools in Line with the Croatian Qualifications Framework and the Needs of the Labor Market (Phase II)<\/p>\n<p><strong>Lead:<\/strong>\u00a0High School Jurja Dobrile Pazin<\/p>\n<p><strong>Partners:<\/strong>\u00a0High School Mate Bla\u017eine Labin, The City of Pazin,\u00a0Association of <span class=\"\">craftsmen Pazin<\/span><\/p>\n<div id=\"gt-src-c\" class=\"g-unit\"><\/div>\n<div id=\"gt-res-c\" class=\"g-unit\"><\/div>\n<p><strong>Project description:<\/strong>\u00a0The project is aimed at updating the curriculum in the electrical engineering group of subjects GSSJD in Pazin. Through the involvement of teachers from partner schools, the business sector and with the professional support of external experts, software modules will be updated according to the needs of the labor market. In addition to the updated curriculum, the project aims to strengthen the capacity of teachers to develop entrepreneurial skills.<\/p>\n<p><strong>Value:<\/strong> 1.107.365,00 kn<\/p>\n<p><strong>Duration:<\/strong> 12 months<\/p>\n<hr \/>\n<p>&nbsp;<\/p>\n<h3><a href=\"http:\/\/lag-sredisnjaistra.hr\/wp-content\/uploads\/2015\/07\/senior-star-side-logos1.jpg\"><img loading=\"lazy\" decoding=\"async\" class=\"wp-image-1221 alignnone\" src=\"http:\/\/lag-sredisnjaistra.hr\/wp-content\/uploads\/2015\/07\/senior-star-side-logos1.jpg\" alt=\"senior-star-side-logos\" width=\"286\" height=\"76\" \/><\/a><\/h3>\n<h3><strong>&#8220;Senior Star&#8221;<\/strong><\/h3>\n<p><strong>Fund:<\/strong>\u00a0European Social Fund<\/p>\n<p><strong>Call:<\/strong>\u00a0Capacity Building of the Civil Society Organizations Active in the Field of Social Service Delivery<\/p>\n<p><strong>Lead:<\/strong>\u00a0Pensioners&#8217; Association Pazin<\/p>\n<p><strong>Partner:<\/strong>\u00a0The City of Pazin<\/p>\n<p><strong>Project description:<\/strong>\u00a0The project is aimed at providing capacity-building of the Association of Pensioners for the development and financing of projects from public sources including the EU funds, the mobilization and establishment of an effective system of volunteers and volunteer management, developing a business and strategic plan of the association to provide home help services, transport and delivery of food to elderly and disabled persons in single households in the area of Pazin.<\/p>\n<p><strong>Value:<\/strong> 196.000,00 kn<\/p>\n<p><strong>Duration:<\/strong> 12 months<\/p>\n<hr \/>\n<p>&nbsp;<\/p>\n<h3><a href=\"http:\/\/lag-sredisnjaistra.hr\/wp-content\/uploads\/2015\/07\/11391109_851094571627990_4732964019492608815_n1.jpg\"><img loading=\"lazy\" decoding=\"async\" class=\"wp-image-1224 alignnone\" src=\"http:\/\/lag-sredisnjaistra.hr\/wp-content\/uploads\/2015\/07\/11391109_851094571627990_4732964019492608815_n1.jpg\" alt=\"11391109_851094571627990_4732964019492608815_n\" width=\"577\" height=\"222\" srcset=\"https:\/\/lag-sredisnjaistra.hr\/wp-content\/uploads\/2015\/07\/11391109_851094571627990_4732964019492608815_n1.jpg 960w, https:\/\/lag-sredisnjaistra.hr\/wp-content\/uploads\/2015\/07\/11391109_851094571627990_4732964019492608815_n1-300x115.jpg 300w\" sizes=\"(max-width: 577px) 100vw, 577px\" \/><\/a><\/h3>\n<p><strong>Fund:<\/strong>\u00a0The financial mechanism of the EEA and Norwegian financial mechanism<\/p>\n<p><strong>Call:<\/strong>\u00a0Solidarity and social capital in the communities<\/p>\n<p><strong>Lead:\u00a0<\/strong>Sports Associations of Cerovlje Municipality<\/p>\n<p><strong>Project description:<\/strong>\u00a0 The project is aimed at\u00a0sensitizing the population on the problems and everyday barriers of the disabled. Through different activities like joint setup of playground and it&#8217;s access paths the project will be strengthening the sense of solidarity and developing a more intimate and tolerant community. The workshops for children and their parents will promote the values of coexistence and tolerance, mutual assistance and equality.<\/p>\n<p><strong>Value:<\/strong> 49.950,00 kn<\/p>\n<p><strong>Duration:<\/strong> 3 months<\/p>\n<hr \/>\n<p><\/p>","protected":false},"excerpt":{"rendered":"<p>&#8220;ENSURE &#8211;\u00a0\u00a0European Network for the Cohesion and Solidarity in Rural Areas&#8221; Programme:\u00a0Europe for Citizens Program Lead:\u00a0Development Information Center Slovenska Bistrica (Slovenia) Partners:\u00a0LAG \u201cSredi\u0161nja Istra\u201d,\u00a0Municipality Trudovets (Bulgaria), Hranicka rozvojova agentura (Czech Republic), Panepistimio Thessalias (Greece), Kistarcsa Cultural Association (Hungary), Associazione Alessandro Bartola (Italy), Ligatnes novada dome \u2013 Ligatne Municipality (Latvia), Municipality of Kolasin (Montenegro), Gmina Lask [&hellip;]<\/p>\n","protected":false},"author":2,"featured_media":0,"parent":0,"menu_order":57,"comment_status":"open","ping_status":"open","template":"","meta":{"_acf_changed":false,"footnotes":""},"acf":[],"_links":{"self":[{"href":"https:\/\/lag-sredisnjaistra.hr\/en\/wp-json\/wp\/v2\/pages\/1110"}],"collection":[{"href":"https:\/\/lag-sredisnjaistra.hr\/en\/wp-json\/wp\/v2\/pages"}],"about":[{"href":"https:\/\/lag-sredisnjaistra.hr\/en\/wp-json\/wp\/v2\/types\/page"}],"author":[{"embeddable":true,"href":"https:\/\/lag-sredisnjaistra.hr\/en\/wp-json\/wp\/v2\/users\/2"}],"replies":[{"embeddable":true,"href":"https:\/\/lag-sredisnjaistra.hr\/en\/wp-json\/wp\/v2\/comments?post=1110"}],"version-history":[{"count":127,"href":"https:\/\/lag-sredisnjaistra.hr\/en\/wp-json\/wp\/v2\/pages\/1110\/revisions"}],"predecessor-version":[{"id":2468,"href":"https:\/\/lag-sredisnjaistra.hr\/en\/wp-json\/wp\/v2\/pages\/1110\/revisions\/2468"}],"wp:attachment":[{"href":"https:\/\/lag-sredisnjaistra.hr\/en\/wp-json\/wp\/v2\/media?parent=1110"}],"curies":[{"name":"wp","href":"https:\/\/api.w.org\/{rel}","templated":true}]}}